{"id":2401,"date":"2024-03-27T16:44:59","date_gmt":"2024-03-27T16:44:59","guid":{"rendered":"https:\/\/places-festival.de\/am-ende-der-welt\/"},"modified":"2024-05-10T15:54:51","modified_gmt":"2024-05-10T15:54:51","slug":"am-ende-der-welt","status":"publish","type":"page","link":"https:\/\/places-festival.de\/en\/am-ende-der-welt\/","title":{"rendered":"Am Ende der Welt"},"content":{"rendered":"<div class=\"wpb-content-wrapper\"><p>[vc_section overlay_alpha=&#8221;50&#8243; uncode_shortcode_id=&#8221;134456&#8243;][vc_row row_height_percent=&#8221;0&#8243; overlay_alpha=&#8221;50&#8243; gutter_size=&#8221;3&#8243; column_width_percent=&#8221;100&#8243; shift_y=&#8221;0&#8243; z_index=&#8221;0&#8243; uncode_shortcode_id=&#8221;186139&#8243;][vc_column column_width_percent=&#8221;100&#8243; gutter_size=&#8221;1&#8243; overlay_alpha=&#8221;50&#8243; shift_x=&#8221;0&#8243; shift_y=&#8221;0&#8243; shift_y_down=&#8221;0&#8243; z_index=&#8221;0&#8243; medium_width=&#8221;0&#8243; mobile_width=&#8221;0&#8243; width=&#8221;1\/1&#8243; uncode_shortcode_id=&#8221;114925&#8243;][vc_custom_heading auto_text=&#8221;yes&#8221; heading_semantic=&#8221;h1&#8243; text_size=&#8221;fontsize-139975&#8243; text_transform=&#8221;uppercase&#8221; uncode_shortcode_id=&#8221;320824&#8243;]This is a custom heading element.[\/vc_custom_heading][vc_custom_heading text_size=&#8221;fontsize-148976&#8243; text_transform=&#8221;uppercase&#8221; uncode_shortcode_id=&#8221;635053&#8243;]XR SCI-FI MUSIC THEATRE[\/vc_custom_heading][\/vc_column][\/vc_row][vc_row unlock_row_content=&#8221;yes&#8221; row_height_percent=&#8221;0&#8243; overlay_alpha=&#8221;50&#8243; gutter_size=&#8221;3&#8243; column_width_percent=&#8221;100&#8243; shift_y=&#8221;0&#8243; z_index=&#8221;0&#8243; uncode_shortcode_id=&#8221;763134&#8243;][vc_column width=&#8221;2\/6&#8243;][vc_empty_space empty_h=&#8221;2&#8243;][\/vc_column][vc_column width=&#8221;3\/6&#8243;][vc_single_image media=&#8221;2444&#8243; caption=&#8221;yes&#8221; media_width_percent=&#8221;100&#8243; uncode_shortcode_id=&#8221;575039&#8243;][vc_custom_heading text_font=&#8221;font-436784&#8243; text_italic=&#8221;yes&#8221; uncode_shortcode_id=&#8221;122137&#8243;]Discover the artworks of our residents and let them tell you about their experiences in the Kreativ.Quartier.[\/vc_custom_heading][vc_column_text uncode_shortcode_id=&#8221;157505&#8243;]The year is 2032: interpersonal energies have deteriorated to such an extent that the entire global energy system threatens to collapse. In the world premiere of the sci-fi mini-opera, spectators wearing VR headsets stagger into dystopian future scenarios towards the end of the world. This end begins in a virtual feel-good computer game. Physicist Kassandra and sociologist Judith pass the time in the game, still unaware that their familiar reality is on the brink of extinction. From level to level, more and more glitches become noticeable, missions are repeated or aborted. At the same time, the latest research results from nuclear physics warn of the imminent breach of fundamental physical laws. Particles accelerate in an endless loop, global conflicts roar on the radio. Cassandra and Judith are losing control. What do you do when the world falls apart? RESTART: You start all over again&#8230;<\/p>\n<p><b><strong>Notes<br \/>\n<\/strong><\/b>Organized by Musiktheater im Revier, in German, for 10 viewers, duration: 45 minutes, not wheelchair accessible, for a fee: tickets via <a href=\"https:\/\/musiktheater-im-revier.de\/de\/performance\/2023-24\/am-ende-der-welt\">Musiktheater im Revier<\/a><\/p>\n<p>During the performance, all guests wear VR headsets. This affects visual perception. In rare cases, dizziness or headaches may occur during use. Large spectacle frames may not fit under VR headset.<\/p>\n<p><strong>Credits<\/strong><\/p>\n<p>Nora Krahl (direction, composition)<br \/>\nAmir Balti\u0107 (stage, costume)<br \/>\nChristoph Clausen (text)<br \/>\nBari\u015f Pek\u00e7a\u011fliyan (Creative Technology)<br \/>\nWarja Rybakova (Creative Technology)<br \/>\nAlptu\u011f \u00c7avu\u015f (3D Artist)<br \/>\nIrina Shutova (Technical Artist)<br \/>\nKolya Wulf (Sound)<br \/>\nJari Kunter (Assistant Director)<br \/>\nFriederike Brendler (dramaturgy assistance)<br \/>\nXR_Unites, HTW Berlin (Development)<br \/>\nLeonid Barsht (Head XR Developer)<br \/>\nLaura Magdaleno Amaro (Head XR Development)<br \/>\nEkaterina Losik (Digital Media Production, XR Development)<br \/>\nManja Wischer (XR Development)<br \/>\nMaja Stark (Project Management XR_Unites)<br \/>\nLisa Str\u00f6ckens (Soprano)<br \/>\nLaura Waltz (Acting)<br \/>\nGiovanni Verga (voice ice-cream seller)<br \/>\nDaniel Jeroma (voice boss)<br \/>\nMaximilian Teschemacher (radio announcer)<br \/>\nMiR Extras[\/vc_column_text][vc_button button_color=&#8221;color-935096&#8243; border_width=&#8221;0&#8243; uncode_shortcode_id=&#8221;925030&#8243; button_color_type=&#8221;uncode-palette&#8221; link=&#8221;url:https%3A%2F%2Fplaces.lineupr.com%2Fplaces-2024%2Fpage%2Fam-ende-der-welt|target:_blank&#8221;]More in our app[\/vc_button][\/vc_column][vc_column width=&#8221;1\/6&#8243;][\/vc_column][\/vc_row][\/vc_section][vc_section overlay_alpha=&#8221;50&#8243; uncode_shortcode_id=&#8221;106862&#8243;][vc_row row_height_percent=&#8221;0&#8243; override_padding=&#8221;yes&#8221; h_padding=&#8221;2&#8243; top_padding=&#8221;2&#8243; bottom_padding=&#8221;0&#8243; overlay_alpha=&#8221;50&#8243; gutter_size=&#8221;3&#8243; column_width_percent=&#8221;100&#8243; shift_y=&#8221;0&#8243; z_index=&#8221;0&#8243; uncode_shortcode_id=&#8221;834717&#8243;][vc_column column_width_percent=&#8221;100&#8243; gutter_size=&#8221;3&#8243; overlay_alpha=&#8221;50&#8243; shift_x=&#8221;0&#8243; shift_y=&#8221;0&#8243; shift_y_down=&#8221;0&#8243; z_index=&#8221;0&#8243; medium_width=&#8221;0&#8243; mobile_width=&#8221;0&#8243; width=&#8221;1\/1&#8243; uncode_shortcode_id=&#8221;142253&#8243;][vc_custom_heading text_transform=&#8221;uppercase&#8221; uncode_shortcode_id=&#8221;199399&#8243;]Bahnhofcenter[\/vc_custom_heading][\/vc_column][\/vc_row][vc_row row_height_percent=&#8221;0&#8243; overlay_alpha=&#8221;50&#8243; gutter_size=&#8221;3&#8243; column_width_percent=&#8221;100&#8243; shift_y=&#8221;0&#8243; z_index=&#8221;0&#8243; uncode_shortcode_id=&#8221;411355&#8243;][vc_column column_width_percent=&#8221;100&#8243; gutter_size=&#8221;3&#8243; overlay_alpha=&#8221;50&#8243; shift_x=&#8221;0&#8243; shift_y=&#8221;0&#8243; shift_y_down=&#8221;0&#8243; z_index=&#8221;0&#8243; medium_width=&#8221;0&#8243; mobile_width=&#8221;0&#8243; width=&#8221;2\/3&#8243; uncode_shortcode_id=&#8221;142253&#8243;][vc_column_text uncode_shortcode_id=&#8221;198196&#8243;]The Bahnhofcenter is directly adjacent to Gelsenkirchen&#8217;s main railway station and houses around 30 shops under one roof. On the first floor, which used to be a department store, there is a 1200m\u00b2 open space that is used as a temporary theatre location for the Musiktheater im Revier production. In this way, art, culture and technology contribute to highlighting possibilities for alternative city centre uses away from retail and the like.[\/vc_column_text][\/vc_column][vc_column column_width_percent=&#8221;100&#8243; gutter_size=&#8221;3&#8243; overlay_alpha=&#8221;50&#8243; shift_x=&#8221;0&#8243; shift_y=&#8221;0&#8243; shift_y_down=&#8221;0&#8243; z_index=&#8221;0&#8243; medium_width=&#8221;0&#8243; mobile_width=&#8221;0&#8243; width=&#8221;1\/3&#8243; uncode_shortcode_id=&#8221;952041&#8243;][vc_custom_heading heading_semantic=&#8221;h4&#8243; text_size=&#8221;h4&#8243; text_transform=&#8221;uppercase&#8221; uncode_shortcode_id=&#8221;187534&#8243;]Bahnhofsvorpl. 5<br \/>\n45879 Gelsenkirchen[\/vc_custom_heading][vc_button border_width=&#8221;0&#8243; uncode_shortcode_id=&#8221;202129&#8243; link=&#8221;url:https%3A%2F%2Fmaps.app.goo.gl%2Fym3WGPqEFMugNK1v6|title:MiR%20Lab%20(Bahnhofcenter)|target:_blank&#8221;]View on the map[\/vc_button][\/vc_column][\/vc_row][vc_row][vc_column width=&#8221;1\/1&#8243;][vc_separator sep_color=&#8221;&#8221; uncode_shortcode_id=&#8221;143725&#8243;][\/vc_column][\/vc_row][vc_row][vc_column width=&#8221;1\/2&#8243;][vc_column_text uncode_shortcode_id=&#8221;206894&#8243;]<em>A production as part of the Places Festival 2024. Funded by the Ministry of Culture and Science of the State of North Rhine-Westphalia as part of the NEUE WEGE funding programme. Supported by the Fonds Darstellende K\u00fcnste with funds from the Federal Government Commissioner for Culture and the Media as part of NEUSTART KULTUR. As part of the XR_Unites project at HTW Berlin, funded by the European Regional Development Fund (ERDF) in the &#8220;Innovation Potential in Culture II&#8221; (INP-II) programme. With the support of the City of Gelsenkirchen, Sparkasse Gelsenkirchen and BAHNHOFCENTER Gelsenkirchen.<\/em>[\/vc_column_text][\/vc_column][vc_column width=&#8221;1\/6&#8243;][\/vc_column][vc_column width=&#8221;1\/6&#8243;][\/vc_column][vc_column width=&#8221;1\/6&#8243;][\/vc_column][\/vc_row][vc_row][vc_column width=&#8221;1\/1&#8243;][vc_gallery el_id=&#8221;gallery-512675&#8243; isotope_mode=&#8221;fitRows&#8221; medias=&#8221;2147,2657,2475,2477,2487,2668,2479,2481,2154,2491,2473&#8243; gutter_size=&#8221;4&#8243; inner_padding=&#8221;yes&#8221; media_items=&#8221;description,media|lightbox|original,icon&#8221; screen_lg=&#8221;1000&#8243; screen_md=&#8221;600&#8243; screen_sm=&#8221;480&#8243; single_text=&#8221;under&#8221; single_width=&#8221;3&#8243; images_size=&#8221;three-two&#8221; single_overlay_opacity=&#8221;1&#8243; single_overlay_anim=&#8221;no&#8221; single_image_anim=&#8221;no&#8221; single_padding=&#8221;3&#8243; single_border=&#8221;yes&#8221; uncode_shortcode_id=&#8221;126079&#8243; items=&#8221;eyIyMjYzX2kiOnsiaW1hZ2VzX3NpemUiOiIifSwiMjE1NF9pIjp7ImltYWdlc19zaXplIjoic2l4dGVlbi1uaW5lIiwic2luZ2xlX2xheW91dF9tZWRpYV9pdGVtcyI6Im1lZGlhfGxpZ2h0Ym94fG9yaWdpbmFsLGljb24ifSwiMjY2OF9pIjp7ImltYWdlc19zaXplIjoiIn19&#8243;][vc_empty_space empty_h=&#8221;2&#8243;][\/vc_column][\/vc_row][\/vc_section]<\/p>\n<\/div>","protected":false},"excerpt":{"rendered":"<p>[vc_section overlay_alpha=&#8221;50&#8243; uncode_shortcode_id=&#8221;134456&#8243;][vc_row row_height_percent=&#8221;0&#8243; overlay_alpha=&#8221;50&#8243; gutter_size=&#8221;3&#8243; column_width_percent=&#8221;100&#8243; shift_y=&#8221;0&#8243; z_index=&#8221;0&#8243; uncode_shortcode_id=&#8221;186139&#8243;][vc_column column_width_percent=&#8221;100&#8243; gutter_size=&#8221;1&#8243; overlay_alpha=&#8221;50&#8243; shift_x=&#8221;0&#8243; shift_y=&#8221;0&#8243; shift_y_down=&#8221;0&#8243; z_index=&#8221;0&#8243; medium_width=&#8221;0&#8243; mobile_width=&#8221;0&#8243; width=&#8221;1\/1&#8243; [&hellip;]<\/p>\n","protected":false},"author":2,"featured_media":0,"parent":0,"menu_order":0,"comment_status":"closed","ping_status":"closed","template":"","meta":{"footnotes":""},"_links":{"self":[{"href":"https:\/\/places-festival.de\/en\/wp-json\/wp\/v2\/pages\/2401"}],"collection":[{"href":"https:\/\/places-festival.de\/en\/wp-json\/wp\/v2\/pages"}],"about":[{"href":"https:\/\/places-festival.de\/en\/wp-json\/wp\/v2\/types\/page"}],"author":[{"embeddable":true,"href":"https:\/\/places-festival.de\/en\/wp-json\/wp\/v2\/users\/2"}],"replies":[{"embeddable":true,"href":"https:\/\/places-festival.de\/en\/wp-json\/wp\/v2\/comments?post=2401"}],"version-history":[{"count":14,"href":"https:\/\/places-festival.de\/en\/wp-json\/wp\/v2\/pages\/2401\/revisions"}],"predecessor-version":[{"id":2692,"href":"https:\/\/places-festival.de\/en\/wp-json\/wp\/v2\/pages\/2401\/revisions\/2692"}],"wp:attachment":[{"href":"https:\/\/places-festival.de\/en\/wp-json\/wp\/v2\/media?parent=2401"}],"curies":[{"name":"wp","href":"https:\/\/api.w.org\/{rel}","templated":true}]}}